{"id":92,"date":"2021-01-02T21:12:17","date_gmt":"2021-01-02T20:12:17","guid":{"rendered":"https:\/\/www.paroissesaintjust.org\/wordpress\/?page_id=92"},"modified":"2023-06-01T22:14:22","modified_gmt":"2023-06-01T20:14:22","slug":"mariage","status":"publish","type":"page","link":"https:\/\/www.paroissesaintjust.org\/wordpress\/mariage\/","title":{"rendered":"Mariage"},"content":{"rendered":"\n<h2 class=\"wp-block-heading\">Qu&rsquo;est-ce que le&nbsp;mariage&nbsp;?<\/h2>\n\n\n\n<p>Les fondements du mariage chr\u00e9tien: fid\u00e9lit\u00e9, libert\u00e9, f\u00e9condit\u00e9 et indissolubilit\u00e9, des valeurs humaines qui sont souvent partag\u00e9es par beaucoup de personnes.&nbsp;<strong>Chr\u00e9tiens, nous \u00ab\u00a0ajoutons\u00a0\u00bb une dimension \u00ab\u00a0spirituelle\u00a0\u00bb qui trouve naissance et source dans l&rsquo;Amour que Dieu porte \u00e0 toute personne<\/strong>.<br>Dieu n&rsquo;est pas seulement un t\u00e9moin privil\u00e9gi\u00e9, il s&rsquo;engage lui aussi, aupr\u00e8s de l&rsquo;homme et de la femme, dans l&rsquo;alliance qu&rsquo;ils font ensemble \u00e0 deux, et ensemble avec Lui !<br><strong>Dans leur communion de vie, Dieu est pr\u00e9sent : c&rsquo;est le sacrement<\/strong>.<\/p>\n\n\n\n<p>Par le&nbsp;<strong>sacrement du mariage<\/strong>, Dieu rend possible notre amour en nous introduisant dans une dimension nouvelle de l&rsquo;amour. Le&nbsp;<strong>sacrement<\/strong>&nbsp;du mariage est un don de Dieu fait aux \u00e9poux pour qu&rsquo;ils vivent selon la loi de l&rsquo;amour chaque jour de leur vie.<br>Leur amour devient ainsi \u00e0 l&rsquo;image et \u00e0 la ressemblance de l&rsquo;amour de Dieu. Il va m\u00eame plus loin !<br>Leur amour \u00e9l\u00e8ve, dans le Christ, toute l&rsquo;humanit\u00e9. Non seulement, ils t\u00e9moignent qu&rsquo;une civilisation de l&rsquo;amour est possible mais ils la r\u00e9alisent&#8230;<\/p>\n\n\n\n<h2 class=\"wp-block-heading\">La pr\u00e9paration au mariage<\/h2>\n\n\n\n<div class=\"wp-block-columns is-layout-flex wp-container-core-columns-is-layout-9d6595d7 wp-block-columns-is-layout-flex\">\n<div class=\"wp-block-column is-layout-flow wp-block-column-is-layout-flow\" style=\"flex-basis:100%\">\n<div class=\"wp-block-columns is-layout-flex wp-container-core-columns-is-layout-9d6595d7 wp-block-columns-is-layout-flex\">\n<div class=\"wp-block-column is-vertically-aligned-top is-layout-flow wp-block-column-is-layout-flow\">\n<div class=\"wp-block-columns are-vertically-aligned-center is-layout-flex wp-container-core-columns-is-layout-9d6595d7 wp-block-columns-is-layout-flex\">\n<div class=\"wp-block-column is-vertically-aligned-center is-layout-flow wp-block-column-is-layout-flow\">\n<figure class=\"wp-block-gallery has-nested-images columns-default is-cropped wp-block-gallery-1 is-layout-flex wp-block-gallery-is-layout-flex\">\n<figure class=\"wp-block-image size-large\"><img data-recalc-dims=\"1\" loading=\"lazy\" decoding=\"async\" width=\"720\" height=\"540\" data-id=\"459\" src=\"https:\/\/i0.wp.com\/www.paroissesaintjust.org\/wordpress\/wp-content\/uploads\/2021\/12\/IMG_1306.jpeg?resize=720%2C540&#038;ssl=1\" alt=\"week-end pr\u00e9paration au mariage\" class=\"wp-image-459\" srcset=\"https:\/\/i0.wp.com\/www.paroissesaintjust.org\/wordpress\/wp-content\/uploads\/2021\/12\/IMG_1306-scaled.jpeg?resize=1024%2C768&amp;ssl=1 1024w, https:\/\/i0.wp.com\/www.paroissesaintjust.org\/wordpress\/wp-content\/uploads\/2021\/12\/IMG_1306-scaled.jpeg?resize=300%2C225&amp;ssl=1 300w, https:\/\/i0.wp.com\/www.paroissesaintjust.org\/wordpress\/wp-content\/uploads\/2021\/12\/IMG_1306-scaled.jpeg?resize=768%2C576&amp;ssl=1 768w, https:\/\/i0.wp.com\/www.paroissesaintjust.org\/wordpress\/wp-content\/uploads\/2021\/12\/IMG_1306-scaled.jpeg?resize=1536%2C1152&amp;ssl=1 1536w, https:\/\/i0.wp.com\/www.paroissesaintjust.org\/wordpress\/wp-content\/uploads\/2021\/12\/IMG_1306-scaled.jpeg?resize=2048%2C1536&amp;ssl=1 2048w, https:\/\/i0.wp.com\/www.paroissesaintjust.org\/wordpress\/wp-content\/uploads\/2021\/12\/IMG_1306-scaled.jpeg?resize=1200%2C900&amp;ssl=1 1200w, https:\/\/i0.wp.com\/www.paroissesaintjust.org\/wordpress\/wp-content\/uploads\/2021\/12\/IMG_1306-scaled.jpeg?resize=1980%2C1485&amp;ssl=1 1980w, https:\/\/i0.wp.com\/www.paroissesaintjust.org\/wordpress\/wp-content\/uploads\/2021\/12\/IMG_1306-scaled.jpeg?w=1440&amp;ssl=1 1440w, https:\/\/i0.wp.com\/www.paroissesaintjust.org\/wordpress\/wp-content\/uploads\/2021\/12\/IMG_1306-scaled.jpeg?w=2160&amp;ssl=1 2160w\" sizes=\"auto, (max-width: 720px) 100vw, 720px\" \/><figcaption class=\"wp-element-caption\">Week-end de pr\u00e9paration au mariage<\/figcaption><\/figure>\n<\/figure>\n<\/div>\n\n\n\n<div class=\"wp-block-column is-vertically-aligned-center is-layout-flow wp-block-column-is-layout-flow\">\n<figure class=\"wp-block-gallery alignfull has-nested-images columns-default is-cropped wp-block-gallery-2 is-layout-flex wp-block-gallery-is-layout-flex\">\n<figure class=\"wp-block-image size-large\"><img data-recalc-dims=\"1\" loading=\"lazy\" decoding=\"async\" width=\"720\" height=\"540\" data-id=\"460\" src=\"https:\/\/i0.wp.com\/www.paroissesaintjust.org\/wordpress\/wp-content\/uploads\/2021\/12\/IMG_1318-1.jpeg?resize=720%2C540&#038;ssl=1\" alt=\"pri\u00e8re preparation au mariage\" class=\"wp-image-460\" srcset=\"https:\/\/i0.wp.com\/www.paroissesaintjust.org\/wordpress\/wp-content\/uploads\/2021\/12\/IMG_1318-1-scaled.jpeg?resize=1024%2C768&amp;ssl=1 1024w, https:\/\/i0.wp.com\/www.paroissesaintjust.org\/wordpress\/wp-content\/uploads\/2021\/12\/IMG_1318-1-scaled.jpeg?resize=300%2C225&amp;ssl=1 300w, https:\/\/i0.wp.com\/www.paroissesaintjust.org\/wordpress\/wp-content\/uploads\/2021\/12\/IMG_1318-1-scaled.jpeg?resize=768%2C576&amp;ssl=1 768w, https:\/\/i0.wp.com\/www.paroissesaintjust.org\/wordpress\/wp-content\/uploads\/2021\/12\/IMG_1318-1-scaled.jpeg?resize=1536%2C1152&amp;ssl=1 1536w, https:\/\/i0.wp.com\/www.paroissesaintjust.org\/wordpress\/wp-content\/uploads\/2021\/12\/IMG_1318-1-scaled.jpeg?resize=2048%2C1536&amp;ssl=1 2048w, https:\/\/i0.wp.com\/www.paroissesaintjust.org\/wordpress\/wp-content\/uploads\/2021\/12\/IMG_1318-1-scaled.jpeg?resize=1200%2C900&amp;ssl=1 1200w, https:\/\/i0.wp.com\/www.paroissesaintjust.org\/wordpress\/wp-content\/uploads\/2021\/12\/IMG_1318-1-scaled.jpeg?resize=1980%2C1485&amp;ssl=1 1980w, https:\/\/i0.wp.com\/www.paroissesaintjust.org\/wordpress\/wp-content\/uploads\/2021\/12\/IMG_1318-1-scaled.jpeg?w=1440&amp;ssl=1 1440w, https:\/\/i0.wp.com\/www.paroissesaintjust.org\/wordpress\/wp-content\/uploads\/2021\/12\/IMG_1318-1-scaled.jpeg?w=2160&amp;ssl=1 2160w\" sizes=\"auto, (max-width: 720px) 100vw, 720px\" \/><figcaption class=\"wp-element-caption\">Pri\u00e8re lors du week-end de pr\u00e9paration<\/figcaption><\/figure>\n<\/figure>\n<\/div>\n\n\n\n<div class=\"wp-block-column is-vertically-aligned-center is-layout-flow wp-block-column-is-layout-flow\">\n<figure class=\"wp-block-gallery has-nested-images columns-default is-cropped wp-block-gallery-3 is-layout-flex wp-block-gallery-is-layout-flex\">\n<figure class=\"wp-block-image size-large\"><img data-recalc-dims=\"1\" loading=\"lazy\" decoding=\"async\" width=\"720\" height=\"960\" data-id=\"458\" src=\"https:\/\/i0.wp.com\/www.paroissesaintjust.org\/wordpress\/wp-content\/uploads\/2021\/12\/IMG_1312.jpeg?resize=720%2C960&#038;ssl=1\" alt=\"temps de r\u00e9flexion pr\u00e9paration au mariage\" class=\"wp-image-458\" srcset=\"https:\/\/i0.wp.com\/www.paroissesaintjust.org\/wordpress\/wp-content\/uploads\/2021\/12\/IMG_1312-scaled.jpeg?resize=768%2C1024&amp;ssl=1 768w, https:\/\/i0.wp.com\/www.paroissesaintjust.org\/wordpress\/wp-content\/uploads\/2021\/12\/IMG_1312-scaled.jpeg?resize=225%2C300&amp;ssl=1 225w, https:\/\/i0.wp.com\/www.paroissesaintjust.org\/wordpress\/wp-content\/uploads\/2021\/12\/IMG_1312-scaled.jpeg?resize=1152%2C1536&amp;ssl=1 1152w, https:\/\/i0.wp.com\/www.paroissesaintjust.org\/wordpress\/wp-content\/uploads\/2021\/12\/IMG_1312-scaled.jpeg?resize=1536%2C2048&amp;ssl=1 1536w, https:\/\/i0.wp.com\/www.paroissesaintjust.org\/wordpress\/wp-content\/uploads\/2021\/12\/IMG_1312-scaled.jpeg?resize=1200%2C1600&amp;ssl=1 1200w, https:\/\/i0.wp.com\/www.paroissesaintjust.org\/wordpress\/wp-content\/uploads\/2021\/12\/IMG_1312-scaled.jpeg?resize=1980%2C2640&amp;ssl=1 1980w, https:\/\/i0.wp.com\/www.paroissesaintjust.org\/wordpress\/wp-content\/uploads\/2021\/12\/IMG_1312-scaled.jpeg?w=1920&amp;ssl=1 1920w, https:\/\/i0.wp.com\/www.paroissesaintjust.org\/wordpress\/wp-content\/uploads\/2021\/12\/IMG_1312-scaled.jpeg?w=1440&amp;ssl=1 1440w\" sizes=\"auto, (max-width: 720px) 100vw, 720px\" \/><figcaption class=\"wp-element-caption\">Temps de r\u00e9flexions en groupe lors du week-end<\/figcaption><\/figure>\n<\/figure>\n<\/div>\n<\/div>\n<\/div>\n<\/div>\n<\/div>\n<\/div>\n\n\n\n<h2 class=\"wp-block-heading\">Si l&rsquo;un ou l&rsquo;autre n&rsquo;est pas baptis\u00e9 ?<\/h2>\n\n\n\n<p>Pour un mariage \u00e0 l&rsquo;Eglise catholique, celui-ci est possible entre une personne baptis\u00e9e et une personne non baptis\u00e9e, sous certaines conditions, avec l&rsquo;accord de l&rsquo;Ev\u00eaque. L&rsquo;Eglise insiste sur la libert\u00e9 de l&rsquo;engagement, il convient de respecter les id\u00e9es de chacun, et le mieux sera de rencontrer un pr\u00eatre pour \u00e9changer ensemble d\u00e8s que la question se pose.<\/p>\n\n\n\n<p>Les questions sp\u00e9cifiques sont trait\u00e9es avec le pr\u00eatre de la paroisse \u00e0 la pr\u00e9inscription, au d\u00e9but du cheminement.<\/p>\n\n\n\n<ul class=\"wp-block-social-links has-normal-icon-size is-style-default is-content-justification-right is-layout-flex wp-container-core-social-links-is-layout-765c4724 wp-block-social-links-is-layout-flex\"><li class=\"wp-social-link wp-social-link-facebook  wp-block-social-link\"><a rel=\"noopener nofollow\" target=\"_blank\" href=\"https:\/\/www.facebook.com\/paroissesaintjustdebretenieres\" class=\"wp-block-social-link-anchor\"><svg width=\"24\" height=\"24\" viewBox=\"0 0 24 24\" version=\"1.1\" xmlns=\"http:\/\/www.w3.org\/2000\/svg\" aria-hidden=\"true\" focusable=\"false\"><path d=\"M12 2C6.5 2 2 6.5 2 12c0 5 3.7 9.1 8.4 9.9v-7H7.9V12h2.5V9.8c0-2.5 1.5-3.9 3.8-3.9 1.1 0 2.2.2 2.2.2v2.5h-1.3c-1.2 0-1.6.8-1.6 1.6V12h2.8l-.4 2.9h-2.3v7C18.3 21.1 22 17 22 12c0-5.5-4.5-10-10-10z\"><\/path><\/svg><span class=\"wp-block-social-link-label screen-reader-text\">Facebook<\/span><\/a><\/li><\/ul>\n","protected":false},"excerpt":{"rendered":"<p>Qu&rsquo;est-ce que le&nbsp;mariage&nbsp;? Les fondements du mariage chr\u00e9tien: fid\u00e9lit\u00e9, libert\u00e9, f\u00e9condit\u00e9 et indissolubilit\u00e9, des valeurs humaines qui sont souvent partag\u00e9es par beaucoup de personnes.&nbsp;Chr\u00e9tiens, nous \u00ab\u00a0ajoutons\u00a0\u00bb une dimension \u00ab\u00a0spirituelle\u00a0\u00bb qui trouve naissance et source dans l&rsquo;Amour que Dieu porte \u00e0 toute personne.Dieu n&rsquo;est pas seulement un t\u00e9moin privil\u00e9gi\u00e9, il s&rsquo;engage lui aussi, aupr\u00e8s de l&rsquo;homme&hellip;<\/p>\n","protected":false},"author":1,"featured_media":0,"parent":0,"menu_order":0,"comment_status":"closed","ping_status":"closed","template":"","meta":{"footnotes":""},"class_list":["post-92","page","type-page","status-publish","hentry"],"jetpack_sharing_enabled":true,"_links":{"self":[{"href":"https:\/\/www.paroissesaintjust.org\/wordpress\/wp-json\/wp\/v2\/pages\/92","targetHints":{"allow":["GET"]}}],"collection":[{"href":"https:\/\/www.paroissesaintjust.org\/wordpress\/wp-json\/wp\/v2\/pages"}],"about":[{"href":"https:\/\/www.paroissesaintjust.org\/wordpress\/wp-json\/wp\/v2\/types\/page"}],"author":[{"embeddable":true,"href":"https:\/\/www.paroissesaintjust.org\/wordpress\/wp-json\/wp\/v2\/users\/1"}],"replies":[{"embeddable":true,"href":"https:\/\/www.paroissesaintjust.org\/wordpress\/wp-json\/wp\/v2\/comments?post=92"}],"version-history":[{"count":20,"href":"https:\/\/www.paroissesaintjust.org\/wordpress\/wp-json\/wp\/v2\/pages\/92\/revisions"}],"predecessor-version":[{"id":1354,"href":"https:\/\/www.paroissesaintjust.org\/wordpress\/wp-json\/wp\/v2\/pages\/92\/revisions\/1354"}],"wp:attachment":[{"href":"https:\/\/www.paroissesaintjust.org\/wordpress\/wp-json\/wp\/v2\/media?parent=92"}],"curies":[{"name":"wp","href":"https:\/\/api.w.org\/{rel}","templated":true}]}}