{"id":82,"date":"2021-01-02T20:23:13","date_gmt":"2021-01-02T19:23:13","guid":{"rendered":"https:\/\/www.paroissesaintjust.org\/wordpress\/?page_id=82"},"modified":"2026-04-03T18:06:05","modified_gmt":"2026-04-03T16:06:05","slug":"equipe-paroissiale","status":"publish","type":"page","link":"https:\/\/www.paroissesaintjust.org\/wordpress\/equipe-paroissiale\/","title":{"rendered":"\u00c9quipe Paroissiale"},"content":{"rendered":"\n<h2 class=\"wp-block-heading\">\u00c9quipe<mark style=\"background-color:rgba(0, 0, 0, 0)\" class=\"has-inline-color has-accent-color\"> sacerdotale<\/mark><\/h2>\n\n\n\n<ul class=\"wp-block-list\">\n<li>P. Pascal Renty 06 59 39 99 09 pascal.renty@gmail.com<br>Cur\u00e9 (Communaut\u00e9 de l&rsquo;Emmanuel)<\/li>\n<\/ul>\n\n\n\n<ul class=\"wp-block-list\">\n<li>P. Eric LONGUEMARE<br>Vicaire (Communaut\u00e9 de l&rsquo;Emmanuel)<\/li>\n<\/ul>\n\n\n\n<ul class=\"wp-block-list\">\n<li>P. Benjamin BOURDENET<br>Vicaire (Communaut\u00e9 de l&rsquo;Emmanuel)<\/li>\n<\/ul>\n\n\n\n<ul class=\"wp-block-list\">\n<li>Abb\u00e9 Antoine KEGELIN<br>Vicaire (Fraternit\u00e9 Saint-Pierre)<\/li>\n<\/ul>\n\n\n\n<h2 class=\"wp-block-heading\">Conseil \u00e9conomique<strong><mark style=\"background-color:rgba(0, 0, 0, 0)\" class=\"has-inline-color has-accent-color\"><\/mark><\/strong><\/h2>\n\n\n\n<ul class=\"wp-block-list\">\n<li>St\u00e9phanie de la SELLE<\/li>\n\n\n\n<li>Alain THIELLAND<\/li>\n\n\n\n<li>Yves RODARIE<\/li>\n\n\n\n<li>Jean-Fran\u00e7ois BROCHU (assistant Tr\u00e9sorier)<\/li>\n\n\n\n<li>Olivier de SERESIN (Tr\u00e9sorier) <\/li>\n\n\n\n<li>Bernard Lelong (Comptable)<\/li>\n\n\n\n<li>Dominique Chabert<\/li>\n<\/ul>\n\n\n\n<h2 class=\"wp-block-heading\">\u00c9quipe d&rsquo;animation paroissiale<\/h2>\n\n\n\n<ul class=\"wp-block-list\">\n<li>Luc et Ombeline JEANNENEY<\/li>\n\n\n\n<li>Vincent FORCART<\/li>\n\n\n\n<li>Yves RODARIE (repr\u00e9sentant du Conseil Economique)<\/li>\n\n\n\n<li>Sophie MANESSE<\/li>\n\n\n\n<li>Zulma de DORTAN<\/li>\n\n\n\n<li>Maria-Sole KERFYSER<\/li>\n\n\n\n<li>les pr\u00eatres. <strong><mark style=\"background-color:rgba(0, 0, 0, 0)\" class=\"has-inline-color has-accent-color\"><\/mark><\/strong><\/li>\n<\/ul>\n\n\n\n<h2 class=\"wp-block-heading\">La vision paroissiale<\/h2>\n\n\n\n<p><strong>Une paroisse attractive et accueillante, vivant dans la communion fraternelle et ouverte aux p\u00e9riph\u00e9ries<\/strong><br><br>La paroisse a re\u00e7u la mission d&rsquo;\u00eatre un lieu de rayonnement spirituel et un centre missionnaire. Cette mission se traduit par cinq essentiels, moteur d&rsquo;une f\u00e9condit\u00e9 paroissiale.<br><br>Depuis l&rsquo;an 2000 l&rsquo;\u00e9v\u00eaque a confi\u00e9 \u00e0 la Communaut\u00e9 de l\u2019Emmanuel&nbsp;une responsabilit\u00e9 d&rsquo;animation \u00e0 l&rsquo;\u00e9gard de la paroisse.<\/p>\n\n\n\n<figure class=\"wp-block-gallery has-nested-images columns-default is-cropped wp-block-gallery-1 is-layout-flex wp-block-gallery-is-layout-flex\">\n<figure class=\"wp-block-image size-full\"><img data-recalc-dims=\"1\" loading=\"lazy\" decoding=\"async\" width=\"639\" height=\"480\" data-id=\"1481\" src=\"https:\/\/i0.wp.com\/www.paroissesaintjust.org\/wordpress\/wp-content\/uploads\/2023\/07\/IMG_2698.jpeg?resize=639%2C480&#038;ssl=1\" alt=\"\u00e9quipe paroissiale Chalon sur Saone\" class=\"wp-image-1481\" srcset=\"https:\/\/i0.wp.com\/www.paroissesaintjust.org\/wordpress\/wp-content\/uploads\/2023\/07\/IMG_2698.jpeg?w=639&amp;ssl=1 639w, https:\/\/i0.wp.com\/www.paroissesaintjust.org\/wordpress\/wp-content\/uploads\/2023\/07\/IMG_2698.jpeg?resize=300%2C225&amp;ssl=1 300w, https:\/\/i0.wp.com\/www.paroissesaintjust.org\/wordpress\/wp-content\/uploads\/2023\/07\/IMG_2698.jpeg?resize=624%2C469&amp;ssl=1 624w\" sizes=\"auto, (max-width: 639px) 100vw, 639px\" \/><figcaption class=\"wp-element-caption\">P. Eric Longuemare, P. Benjamin Bourdenet, P. Pascal Renty<\/figcaption><\/figure>\n<\/figure>\n\n\n\n<ul class=\"wp-block-social-links has-normal-icon-size is-style-default is-content-justification-right is-layout-flex wp-container-core-social-links-is-layout-765c4724 wp-block-social-links-is-layout-flex\"><li class=\"wp-social-link wp-social-link-facebook  wp-block-social-link\"><a rel=\"noopener nofollow\" target=\"_blank\" href=\"https:\/\/www.facebook.com\/paroissesaintjustdebretenieres\" class=\"wp-block-social-link-anchor\"><svg width=\"24\" height=\"24\" viewBox=\"0 0 24 24\" version=\"1.1\" xmlns=\"http:\/\/www.w3.org\/2000\/svg\" aria-hidden=\"true\" focusable=\"false\"><path d=\"M12 2C6.5 2 2 6.5 2 12c0 5 3.7 9.1 8.4 9.9v-7H7.9V12h2.5V9.8c0-2.5 1.5-3.9 3.8-3.9 1.1 0 2.2.2 2.2.2v2.5h-1.3c-1.2 0-1.6.8-1.6 1.6V12h2.8l-.4 2.9h-2.3v7C18.3 21.1 22 17 22 12c0-5.5-4.5-10-10-10z\"><\/path><\/svg><span class=\"wp-block-social-link-label screen-reader-text\">Facebook<\/span><\/a><\/li><\/ul>\n","protected":false},"excerpt":{"rendered":"<p>\u00c9quipe sacerdotale Conseil \u00e9conomique \u00c9quipe d&rsquo;animation paroissiale La vision paroissiale Une paroisse attractive et accueillante, vivant dans la communion fraternelle et ouverte aux p\u00e9riph\u00e9ries La paroisse a re\u00e7u la mission d&rsquo;\u00eatre un lieu de rayonnement spirituel et un centre missionnaire. Cette mission se traduit par cinq essentiels, moteur d&rsquo;une f\u00e9condit\u00e9 paroissiale. Depuis l&rsquo;an 2000 l&rsquo;\u00e9v\u00eaque&hellip;<\/p>\n","protected":false},"author":1,"featured_media":0,"parent":0,"menu_order":0,"comment_status":"closed","ping_status":"closed","template":"","meta":{"footnotes":""},"class_list":["post-82","page","type-page","status-publish","hentry"],"jetpack_sharing_enabled":true,"_links":{"self":[{"href":"https:\/\/www.paroissesaintjust.org\/wordpress\/wp-json\/wp\/v2\/pages\/82","targetHints":{"allow":["GET"]}}],"collection":[{"href":"https:\/\/www.paroissesaintjust.org\/wordpress\/wp-json\/wp\/v2\/pages"}],"about":[{"href":"https:\/\/www.paroissesaintjust.org\/wordpress\/wp-json\/wp\/v2\/types\/page"}],"author":[{"embeddable":true,"href":"https:\/\/www.paroissesaintjust.org\/wordpress\/wp-json\/wp\/v2\/users\/1"}],"replies":[{"embeddable":true,"href":"https:\/\/www.paroissesaintjust.org\/wordpress\/wp-json\/wp\/v2\/comments?post=82"}],"version-history":[{"count":31,"href":"https:\/\/www.paroissesaintjust.org\/wordpress\/wp-json\/wp\/v2\/pages\/82\/revisions"}],"predecessor-version":[{"id":3042,"href":"https:\/\/www.paroissesaintjust.org\/wordpress\/wp-json\/wp\/v2\/pages\/82\/revisions\/3042"}],"wp:attachment":[{"href":"https:\/\/www.paroissesaintjust.org\/wordpress\/wp-json\/wp\/v2\/media?parent=82"}],"curies":[{"name":"wp","href":"https:\/\/api.w.org\/{rel}","templated":true}]}}