{"id":76,"date":"2021-01-02T20:11:43","date_gmt":"2021-01-02T19:11:43","guid":{"rendered":"https:\/\/www.paroissesaintjust.org\/wordpress\/?page_id=76"},"modified":"2025-07-05T09:44:44","modified_gmt":"2025-07-05T07:44:44","slug":"baptemes","status":"publish","type":"page","link":"https:\/\/www.paroissesaintjust.org\/wordpress\/baptemes\/","title":{"rendered":"Bapt\u00eames"},"content":{"rendered":"\n<h2 class=\"wp-block-heading\">Qu&rsquo;est-ce que le&nbsp;bapt\u00eame&nbsp;?<\/h2>\n\n\n\n<p>Le bapt\u00eame nous fait entrer dans la communaut\u00e9 chr\u00e9tienne, dans l\u2019\u00c9glise. Il nous unit au Christ, il nous fait participer \u00e0 sa mort et \u00e0 sa r\u00e9surrection et nous purifie du p\u00e9ch\u00e9. Il nous donne l&rsquo;Esprit-Saint qui apporte l&rsquo;amour dans nos c\u0153urs. Il nous rend pleinement enfant de Dieu et nous fait ainsi entrer dans la famille de Dieu. Le sacrement du bapt\u00eame peut \u00eatre re\u00e7u \u00e0 tout \u00e2ge, b\u00e9b\u00e9, petit enfant en \u00e2ge scolaire ou adulte. Chacun re\u00e7oit une formation adapt\u00e9e. La Paroisse Saint-Just vous propose plusieurs pr\u00e9parations afin de vous accompagner ou d&rsquo;accompagner vos enfants en tant que chr\u00e9tiens et membres de l\u2019\u00c9glise.<\/p>\n\n\n\n<p><strong>Pour inscrire votre enfant au bapt\u00eame<\/strong>, t\u00e9l\u00e9phonez ou rendez-vous \u00e0 l&rsquo;accueil de la paroisse cure St Pierre 1 passage Milon (aux heures de permanences) 03 85 42 50 55<br><a href=\"https:\/\/www.paroissesaintjust.org\/wordpress\/contact\/secretariatparoissesaintjust@gmail.com\"><small>secretariatparoissesaintjust@gmail.com<\/small><\/a><\/p>\n\n\n\n<p>Vous pouvez t\u00e9l\u00e9charger le document ci-dessous <em>(en appuyant sur la double fl\u00e8che de droite puis en s\u00e9lectionnant \u00ab\u00a0t\u00e9l\u00e9charger\u00a0\u00bb)<\/em>, et le remplir pour la rencontre d&rsquo;inscription. <\/p>\n\n\n\n<div class=\"wp-block-pdf-viewer-block-standard\" style=\"text-align:center\"><div class=\"uploaded-pdf\"><a href=\"https:\/\/www.paroissesaintjust.org\/wordpress\/wp-content\/uploads\/2024\/02\/Bapteme-Demande-dinscription.pdf\" data-width=\"\" data-height=\"\"><\/a><\/div><\/div>\n\n\n\n<ul class=\"wp-block-social-links has-normal-icon-size is-style-default is-content-justification-right is-layout-flex wp-container-core-social-links-is-layout-765c4724 wp-block-social-links-is-layout-flex\"><li class=\"wp-social-link wp-social-link-facebook  wp-block-social-link\"><a rel=\"noopener nofollow\" target=\"_blank\" href=\"https:\/\/www.facebook.com\/paroissesaintjustdebretenieres\" class=\"wp-block-social-link-anchor\"><svg width=\"24\" height=\"24\" viewBox=\"0 0 24 24\" version=\"1.1\" xmlns=\"http:\/\/www.w3.org\/2000\/svg\" aria-hidden=\"true\" focusable=\"false\"><path d=\"M12 2C6.5 2 2 6.5 2 12c0 5 3.7 9.1 8.4 9.9v-7H7.9V12h2.5V9.8c0-2.5 1.5-3.9 3.8-3.9 1.1 0 2.2.2 2.2.2v2.5h-1.3c-1.2 0-1.6.8-1.6 1.6V12h2.8l-.4 2.9h-2.3v7C18.3 21.1 22 17 22 12c0-5.5-4.5-10-10-10z\"><\/path><\/svg><span class=\"wp-block-social-link-label screen-reader-text\">Facebook<\/span><\/a><\/li><\/ul>\n\n\n\n<figure class=\"wp-block-image aligncenter size-large\"><img data-recalc-dims=\"1\" loading=\"lazy\" decoding=\"async\" width=\"720\" height=\"542\" src=\"https:\/\/i0.wp.com\/www.paroissesaintjust.org\/wordpress\/wp-content\/uploads\/2025\/07\/PHOTO-2025-07-04-20-33-02_3.jpg?resize=720%2C542&#038;ssl=1\" alt=\"Bapt\u00eame juin 2025\" class=\"wp-image-2759\" srcset=\"https:\/\/i0.wp.com\/www.paroissesaintjust.org\/wordpress\/wp-content\/uploads\/2025\/07\/PHOTO-2025-07-04-20-33-02_3.jpg?resize=1024%2C771&amp;ssl=1 1024w, https:\/\/i0.wp.com\/www.paroissesaintjust.org\/wordpress\/wp-content\/uploads\/2025\/07\/PHOTO-2025-07-04-20-33-02_3.jpg?resize=300%2C226&amp;ssl=1 300w, https:\/\/i0.wp.com\/www.paroissesaintjust.org\/wordpress\/wp-content\/uploads\/2025\/07\/PHOTO-2025-07-04-20-33-02_3.jpg?resize=768%2C578&amp;ssl=1 768w, https:\/\/i0.wp.com\/www.paroissesaintjust.org\/wordpress\/wp-content\/uploads\/2025\/07\/PHOTO-2025-07-04-20-33-02_3.jpg?resize=1536%2C1157&amp;ssl=1 1536w, https:\/\/i0.wp.com\/www.paroissesaintjust.org\/wordpress\/wp-content\/uploads\/2025\/07\/PHOTO-2025-07-04-20-33-02_3.jpg?resize=200%2C151&amp;ssl=1 200w, https:\/\/i0.wp.com\/www.paroissesaintjust.org\/wordpress\/wp-content\/uploads\/2025\/07\/PHOTO-2025-07-04-20-33-02_3.jpg?resize=797%2C600&amp;ssl=1 797w, https:\/\/i0.wp.com\/www.paroissesaintjust.org\/wordpress\/wp-content\/uploads\/2025\/07\/PHOTO-2025-07-04-20-33-02_3.jpg?resize=1328%2C1000&amp;ssl=1 1328w, https:\/\/i0.wp.com\/www.paroissesaintjust.org\/wordpress\/wp-content\/uploads\/2025\/07\/PHOTO-2025-07-04-20-33-02_3.jpg?w=1600&amp;ssl=1 1600w, https:\/\/i0.wp.com\/www.paroissesaintjust.org\/wordpress\/wp-content\/uploads\/2025\/07\/PHOTO-2025-07-04-20-33-02_3.jpg?w=1440&amp;ssl=1 1440w\" sizes=\"auto, (max-width: 720px) 100vw, 720px\" \/><figcaption class=\"wp-element-caption\">Bapt\u00eame juin 2025<\/figcaption><\/figure>\n\n\n\n<p><\/p>\n","protected":false},"excerpt":{"rendered":"<p>Qu&rsquo;est-ce que le&nbsp;bapt\u00eame&nbsp;? Le bapt\u00eame nous fait entrer dans la communaut\u00e9 chr\u00e9tienne, dans l\u2019\u00c9glise. Il nous unit au Christ, il nous fait participer \u00e0 sa mort et \u00e0 sa r\u00e9surrection et nous purifie du p\u00e9ch\u00e9. Il nous donne l&rsquo;Esprit-Saint qui apporte l&rsquo;amour dans nos c\u0153urs. Il nous rend pleinement enfant de Dieu et nous fait&hellip;<\/p>\n","protected":false},"author":1,"featured_media":0,"parent":0,"menu_order":0,"comment_status":"closed","ping_status":"closed","template":"","meta":{"footnotes":""},"class_list":["post-76","page","type-page","status-publish","hentry"],"jetpack_sharing_enabled":true,"_links":{"self":[{"href":"https:\/\/www.paroissesaintjust.org\/wordpress\/wp-json\/wp\/v2\/pages\/76","targetHints":{"allow":["GET"]}}],"collection":[{"href":"https:\/\/www.paroissesaintjust.org\/wordpress\/wp-json\/wp\/v2\/pages"}],"about":[{"href":"https:\/\/www.paroissesaintjust.org\/wordpress\/wp-json\/wp\/v2\/types\/page"}],"author":[{"embeddable":true,"href":"https:\/\/www.paroissesaintjust.org\/wordpress\/wp-json\/wp\/v2\/users\/1"}],"replies":[{"embeddable":true,"href":"https:\/\/www.paroissesaintjust.org\/wordpress\/wp-json\/wp\/v2\/comments?post=76"}],"version-history":[{"count":16,"href":"https:\/\/www.paroissesaintjust.org\/wordpress\/wp-json\/wp\/v2\/pages\/76\/revisions"}],"predecessor-version":[{"id":2769,"href":"https:\/\/www.paroissesaintjust.org\/wordpress\/wp-json\/wp\/v2\/pages\/76\/revisions\/2769"}],"wp:attachment":[{"href":"https:\/\/www.paroissesaintjust.org\/wordpress\/wp-json\/wp\/v2\/media?parent=76"}],"curies":[{"name":"wp","href":"https:\/\/api.w.org\/{rel}","templated":true}]}}