{"id":619,"date":"2022-06-30T18:25:28","date_gmt":"2022-06-30T16:25:28","guid":{"rendered":"https:\/\/www.paroissesaintjust.org\/wordpress\/?page_id=619"},"modified":"2023-06-01T22:13:02","modified_gmt":"2023-06-01T20:13:02","slug":"funerailles","status":"publish","type":"page","link":"https:\/\/www.paroissesaintjust.org\/wordpress\/funerailles\/","title":{"rendered":"Fun\u00e9railles"},"content":{"rendered":"\n<p>Pour contacter la paroisse afin d&rsquo;organiser des fun\u00e9railles, veuillez, svp, appeler \u00e0 ce num\u00e9ro : 06 59 67 92 81<\/p>\n","protected":false},"excerpt":{"rendered":"<p>Pour contacter la paroisse afin d&rsquo;organiser des fun\u00e9railles, veuillez, svp, appeler \u00e0 ce num\u00e9ro : 06 59 67 92 81<\/p>\n","protected":false},"author":1,"featured_media":0,"parent":0,"menu_order":0,"comment_status":"closed","ping_status":"closed","template":"","meta":{"footnotes":""},"class_list":["post-619","page","type-page","status-publish","hentry"],"jetpack_sharing_enabled":true,"_links":{"self":[{"href":"https:\/\/www.paroissesaintjust.org\/wordpress\/wp-json\/wp\/v2\/pages\/619","targetHints":{"allow":["GET"]}}],"collection":[{"href":"https:\/\/www.paroissesaintjust.org\/wordpress\/wp-json\/wp\/v2\/pages"}],"about":[{"href":"https:\/\/www.paroissesaintjust.org\/wordpress\/wp-json\/wp\/v2\/types\/page"}],"author":[{"embeddable":true,"href":"https:\/\/www.paroissesaintjust.org\/wordpress\/wp-json\/wp\/v2\/users\/1"}],"replies":[{"embeddable":true,"href":"https:\/\/www.paroissesaintjust.org\/wordpress\/wp-json\/wp\/v2\/comments?post=619"}],"version-history":[{"count":1,"href":"https:\/\/www.paroissesaintjust.org\/wordpress\/wp-json\/wp\/v2\/pages\/619\/revisions"}],"predecessor-version":[{"id":620,"href":"https:\/\/www.paroissesaintjust.org\/wordpress\/wp-json\/wp\/v2\/pages\/619\/revisions\/620"}],"wp:attachment":[{"href":"https:\/\/www.paroissesaintjust.org\/wordpress\/wp-json\/wp\/v2\/media?parent=619"}],"curies":[{"name":"wp","href":"https:\/\/api.w.org\/{rel}","templated":true}]}}