{"id":615,"date":"2022-06-30T18:20:26","date_gmt":"2022-06-30T16:20:26","guid":{"rendered":"https:\/\/www.paroissesaintjust.org\/wordpress\/?page_id=615"},"modified":"2023-06-01T22:11:47","modified_gmt":"2023-06-01T20:11:47","slug":"bapteme-pour-etre-parrain-marraine","status":"publish","type":"page","link":"https:\/\/www.paroissesaintjust.org\/wordpress\/bapteme-pour-etre-parrain-marraine\/","title":{"rendered":"Demande d&rsquo;extrait d&rsquo;acte de Bapt\u00eame pour \u00eatre Parrain\/Marraine"},"content":{"rendered":"\n<p>Faites votre demande \u00e0 l&rsquo;adresse :<br>     \n<a rel=\"noreferrer noopener\" href=\"mailto:registresparoissesaintjust@gmail.com\" target=\"_blank\"><small>registresparoissesaintjust@gmail.com<\/small><\/a>\n<\/p>\n\n\n\n<p>Ou envoyez directement une demande par courrier postal avec une photocopie de votre carte d&rsquo;identit\u00e9 et une enveloppe de retour (pr\u00e9cisez la date du bapt\u00eame et l&rsquo;\u00e9glise).<\/p>\n\n\n\n<p>     Paroisse St Just &#8211; Registres<br>     1 passage Milon<br>     71100 Chalon-sur-Sa\u00f4ne<\/p>\n\n\n\n<p>Pour les demandes d&rsquo;extraits en vue d&rsquo;un mariage, seul le pr\u00eatre qui pr\u00e9pare le mariage peut faire la demande.<\/p>\n\n\n\n<ul class=\"wp-block-social-links has-normal-icon-size is-style-default is-content-justification-right is-layout-flex wp-container-core-social-links-is-layout-765c4724 wp-block-social-links-is-layout-flex\"><li class=\"wp-social-link wp-social-link-facebook  wp-block-social-link\"><a rel=\"noopener nofollow\" target=\"_blank\" href=\"https:\/\/www.facebook.com\/paroissesaintjustdebretenieres\" class=\"wp-block-social-link-anchor\"><svg width=\"24\" height=\"24\" viewBox=\"0 0 24 24\" version=\"1.1\" xmlns=\"http:\/\/www.w3.org\/2000\/svg\" aria-hidden=\"true\" focusable=\"false\"><path d=\"M12 2C6.5 2 2 6.5 2 12c0 5 3.7 9.1 8.4 9.9v-7H7.9V12h2.5V9.8c0-2.5 1.5-3.9 3.8-3.9 1.1 0 2.2.2 2.2.2v2.5h-1.3c-1.2 0-1.6.8-1.6 1.6V12h2.8l-.4 2.9h-2.3v7C18.3 21.1 22 17 22 12c0-5.5-4.5-10-10-10z\"><\/path><\/svg><span class=\"wp-block-social-link-label screen-reader-text\">Facebook<\/span><\/a><\/li><\/ul>\n","protected":false},"excerpt":{"rendered":"<p>Faites votre demande \u00e0 l&rsquo;adresse : registresparoissesaintjust@gmail.com Ou envoyez directement une demande par courrier postal avec une photocopie de votre carte d&rsquo;identit\u00e9 et une enveloppe de retour (pr\u00e9cisez la date du bapt\u00eame et l&rsquo;\u00e9glise). Paroisse St Just &#8211; Registres 1 passage Milon 71100 Chalon-sur-Sa\u00f4ne Pour les demandes d&rsquo;extraits en vue d&rsquo;un mariage, seul le pr\u00eatre&hellip;<\/p>\n","protected":false},"author":1,"featured_media":0,"parent":0,"menu_order":0,"comment_status":"closed","ping_status":"closed","template":"","meta":{"footnotes":""},"class_list":["post-615","page","type-page","status-publish","hentry"],"jetpack_sharing_enabled":true,"_links":{"self":[{"href":"https:\/\/www.paroissesaintjust.org\/wordpress\/wp-json\/wp\/v2\/pages\/615","targetHints":{"allow":["GET"]}}],"collection":[{"href":"https:\/\/www.paroissesaintjust.org\/wordpress\/wp-json\/wp\/v2\/pages"}],"about":[{"href":"https:\/\/www.paroissesaintjust.org\/wordpress\/wp-json\/wp\/v2\/types\/page"}],"author":[{"embeddable":true,"href":"https:\/\/www.paroissesaintjust.org\/wordpress\/wp-json\/wp\/v2\/users\/1"}],"replies":[{"embeddable":true,"href":"https:\/\/www.paroissesaintjust.org\/wordpress\/wp-json\/wp\/v2\/comments?post=615"}],"version-history":[{"count":9,"href":"https:\/\/www.paroissesaintjust.org\/wordpress\/wp-json\/wp\/v2\/pages\/615\/revisions"}],"predecessor-version":[{"id":1345,"href":"https:\/\/www.paroissesaintjust.org\/wordpress\/wp-json\/wp\/v2\/pages\/615\/revisions\/1345"}],"wp:attachment":[{"href":"https:\/\/www.paroissesaintjust.org\/wordpress\/wp-json\/wp\/v2\/media?parent=615"}],"curies":[{"name":"wp","href":"https:\/\/api.w.org\/{rel}","templated":true}]}}