{"id":395,"date":"2021-11-10T19:22:21","date_gmt":"2021-11-10T18:22:21","guid":{"rendered":"https:\/\/www.paroissesaintjust.org\/wordpress\/?page_id=395"},"modified":"2024-09-03T20:53:13","modified_gmt":"2024-09-03T18:53:13","slug":"avec-les-repas-4x4","status":"publish","type":"page","link":"https:\/\/www.paroissesaintjust.org\/wordpress\/avec-les-repas-4x4\/","title":{"rendered":"Avec les repas 4&#215;4"},"content":{"rendered":"\n<p class=\"has-text-align-left\">Osez la rencontre&nbsp;!<\/p>\n\n\n\n<h2 class=\"wp-block-heading\">Qu\u2019est-ce que c\u2019est&nbsp;?<\/h2>\n\n\n\n<p>Nous vous proposons de relever le d\u00e9fi de partager un repas avec des personnes que vous ne connaissez pas&nbsp;ou peu !<\/p>\n\n\n\n<p>Il s\u2019agit de participer \u00e0 <strong>4 repas<\/strong> conviviaux, regroupant chacun <strong>4 bin\u00f4mes tir\u00e9s au sort<\/strong>, 4 fois dans l\u2019ann\u00e9e. Cela vous permettra de rencontrer et de conna\u00eetre un peu mieux 24 personnes en moins d\u2019un an\u00a0!<\/p>\n\n\n\n<p>Ces repas permettent&nbsp;:<\/p>\n\n\n\n<ul class=\"wp-block-list\">\n<li>De (mieux) conna\u00eetre les personnes que vous croisez le dimanche.<\/li>\n\n\n\n<li>D\u2019accueillir plus rapidement les nouveaux arrivants sur la paroisse.<\/li>\n\n\n\n<li>De faire de belles rencontres interg\u00e9n\u00e9rationnelles \u2026<\/li>\n\n\n\n<li>D&rsquo;approfondir ensemble des sujets vari\u00e9s.<\/li>\n<\/ul>\n\n\n\n<h2 class=\"wp-block-heading\">Quand se d\u00e9roulent les repas&nbsp;?<\/h2>\n\n\n\n<p>D\u2019octobre 2024 \u00e0 mai 2025.<\/p>\n\n\n\n<p>Le 1er repas se passera en octobre-novembre, le 2\u00e8me en d\u00e9cembre-janvier, le 3\u00e8me en f\u00e9vrier-mars, le 4\u00e8me en avril-mai et d\u00e9but juin un <strong>repas XXL<\/strong> rassemblera tous les participants de toutes les saisons.<\/p>\n\n\n\n<h2 class=\"wp-block-heading\">Comment cela fonctionne-t-il&nbsp;?<\/h2>\n\n\n\n<ol class=\"wp-block-list\">\n<li><strong>S\u2019inscrire<\/strong> \n<ul class=\"wp-block-list\">\n<li><span style=\"text-decoration: underline;\">Par bin\u00f4me<\/span>\u00a0: avec son conjoint, un(e) ami(e), \u2026<\/li>\n\n\n\n<li><span style=\"text-decoration: underline;\">Si vous \u00eates seul<\/span>, ou seul int\u00e9ress\u00e9 dans votre couple, nous vous mettrons alors en relation avec un bin\u00f4me.<br><br>Votre bin\u00f4me restera le m\u00eame pendant toute l\u2019ann\u00e9e, ce sera votre point de rep\u00e8re.<\/li>\n<\/ul>\n<\/li>\n\n\n\n<li>Les r\u00f4les des diff\u00e9rents convives sont pr\u00e9-d\u00e9termin\u00e9s et tournent \u00e0 chaque repas :\n<ul class=\"wp-block-list\">\n<li>Le bin\u00f4me-h\u00f4te qui re\u00e7oit chez lui pourvoit au plat principal et l&rsquo;ap\u00e9ritif<\/li>\n\n\n\n<li>Le deuxi\u00e8me bin\u00f4me apporte l\u2019entr\u00e9e et la boisson<\/li>\n\n\n\n<li>Le troisi\u00e8me bin\u00f4me s\u2019occupe du fromage et du pain<\/li>\n\n\n\n<li>Le dernier bin\u00f4me cl\u00f4ture le tout par le dessert !<\/li>\n<\/ul>\n<\/li>\n\n\n\n<li>Environ 15 jours avant le d\u00e9but de chaque p\u00e9riode, nous informerons le bin\u00f4me d\u00e9sign\u00e9 pour \u00eatre h\u00f4te afin qu\u2019il invite les 3 autres bin\u00f4mes et fixe une <strong>date commune rapidement.<\/strong><\/li>\n<\/ol>\n\n\n\n<p>L&rsquo;\u00e9quilibre et le dynamisme des repas repose sur votre r\u00e9activit\u00e9 pour fixer cette date et votre <strong>engagement<\/strong> \u00e0 participer tout au long de l&rsquo;ann\u00e9e. Veuillez noter que les compostions des tables se faisant par <strong>tirage au sort<\/strong>, il se peut que vous ayez la bonne surprise de retrouver des personnes pr\u00e9c\u00e9demment rencontr\u00e9es.<\/p>\n\n\n\n<h2 class=\"wp-block-heading\">Tout le monde peut s&rsquo;inscrire :<\/h2>\n\n\n\n<ul class=\"wp-block-list\">\n<li><span style=\"text-decoration: underline;\">que vous ayez d\u00e9j\u00e0 ou non particip\u00e9<\/span> aux 3 premi\u00e8res saisons des repas 4X4<\/li>\n\n\n\n<li><span style=\"text-decoration: underline;\">quelle que soit la taille de votre logement<\/span>\u00a0: si vous n\u2019avez pas de place pour recevoir 8 personnes chez vous quand cela sera votre tour, dites-le-nous \u00e0 de l\u2019inscription.<\/li>\n\n\n\n<li><span style=\"text-decoration: underline;\">si vous n\u2019avez pas de v\u00e9hicule<\/span> : pr\u00e9cisez-le au moment de l\u2019inscription, nous vous trouverons un chauffeur !<\/li>\n\n\n\n<li><span style=\"text-decoration: underline;\">si vous avez des allergies alimentaires<\/span>, pr\u00e9cisez-le au moment de l\u2019inscription, nous le transmettrons \u00e0 vos h\u00f4tes.<\/li>\n<\/ul>\n\n\n\n<h2 class=\"wp-block-heading\">Inscriptions (elles seront closes le 17 septembre):<\/h2>\n\n\n\n<ul class=\"wp-block-list\">\n<li><span style=\"text-decoration: underline;\">Par courrier<\/span>\u00a0: en d\u00e9posant le coupon ci-dessous \u00e0 l\u2019accueil paroissial (1 Passage Milon, \u00e0 Chalon, \u00e0 c\u00f4t\u00e9 de l\u2019\u00e9glise Saint Pierre).<\/li>\n\n\n\n<li><span style=\"text-decoration: underline;\">Par mail<\/span>\u00a0: <a href=\"mailto:chalonrepas4x4@gmail.com\">chalonrepas4x4@gmail.com<\/a><\/li>\n\n\n\n<li><span style=\"text-decoration: underline;\">Par t\u00e9l\u00e9phone<\/span> : 06.03.77.23.79 (S\u00e9verine)<\/li>\n<\/ul>\n\n\n\n<p>Vous recevrez fin septembre les renseignements pratiques pour le lancement du 1er repas.<\/p>\n\n\n\n<p><strong>N\u2019h\u00e9sitez pas \u00e0 proposer largement autour de vous : notre nombre et notre diversit\u00e9 feront la richesse de nos rencontres !Nous vous souhaitons de belles rencontres\u00a0!<\/strong><\/p>\n\n\n\n<div class=\"wp-block-pdf-viewer-block-standard\" style=\"text-align:left\"><div class=\"uploaded-pdf\"><a href=\"https:\/\/www.paroissesaintjust.org\/wordpress\/wp-content\/uploads\/2024\/09\/Presentation-inscription-repas-4x4-2024.pdf\" data-width=\"\" data-height=\"\"><\/a><\/div><\/div>\n\n\n\n<figure class=\"wp-block-image aligncenter size-full\"><img data-recalc-dims=\"1\" loading=\"lazy\" decoding=\"async\" width=\"720\" height=\"188\" src=\"https:\/\/i0.wp.com\/www.paroissesaintjust.org\/wordpress\/wp-content\/uploads\/2021\/11\/Banniere-Diner4x4-960x250-1.jpeg?resize=720%2C188&#038;ssl=1\" alt=\"repas 4x4\" class=\"wp-image-400\" style=\"object-fit:cover\" srcset=\"https:\/\/i0.wp.com\/www.paroissesaintjust.org\/wordpress\/wp-content\/uploads\/2021\/11\/Banniere-Diner4x4-960x250-1.jpeg?w=960&amp;ssl=1 960w, https:\/\/i0.wp.com\/www.paroissesaintjust.org\/wordpress\/wp-content\/uploads\/2021\/11\/Banniere-Diner4x4-960x250-1.jpeg?resize=300%2C78&amp;ssl=1 300w, https:\/\/i0.wp.com\/www.paroissesaintjust.org\/wordpress\/wp-content\/uploads\/2021\/11\/Banniere-Diner4x4-960x250-1.jpeg?resize=768%2C200&amp;ssl=1 768w\" sizes=\"auto, (max-width: 720px) 100vw, 720px\" \/><\/figure>\n\n\n\n<ul class=\"wp-block-social-links has-normal-icon-size is-style-default is-content-justification-right is-layout-flex wp-container-core-social-links-is-layout-765c4724 wp-block-social-links-is-layout-flex\"><li class=\"wp-social-link wp-social-link-facebook  wp-block-social-link\"><a rel=\"noopener nofollow\" target=\"_blank\" href=\"https:\/\/www.facebook.com\/paroissesaintjustdebretenieres\" class=\"wp-block-social-link-anchor\"><svg width=\"24\" height=\"24\" viewBox=\"0 0 24 24\" version=\"1.1\" xmlns=\"http:\/\/www.w3.org\/2000\/svg\" aria-hidden=\"true\" focusable=\"false\"><path d=\"M12 2C6.5 2 2 6.5 2 12c0 5 3.7 9.1 8.4 9.9v-7H7.9V12h2.5V9.8c0-2.5 1.5-3.9 3.8-3.9 1.1 0 2.2.2 2.2.2v2.5h-1.3c-1.2 0-1.6.8-1.6 1.6V12h2.8l-.4 2.9h-2.3v7C18.3 21.1 22 17 22 12c0-5.5-4.5-10-10-10z\"><\/path><\/svg><span class=\"wp-block-social-link-label screen-reader-text\">Facebook<\/span><\/a><\/li><\/ul>\n","protected":false},"excerpt":{"rendered":"<p>Osez la rencontre&nbsp;! Qu\u2019est-ce que c\u2019est&nbsp;? Nous vous proposons de relever le d\u00e9fi de partager un repas avec des personnes que vous ne connaissez pas&nbsp;ou peu ! Il s\u2019agit de participer \u00e0 4 repas conviviaux, regroupant chacun 4 bin\u00f4mes tir\u00e9s au sort, 4 fois dans l\u2019ann\u00e9e. Cela vous permettra de rencontrer et de conna\u00eetre un&hellip;<\/p>\n","protected":false},"author":1,"featured_media":0,"parent":0,"menu_order":0,"comment_status":"closed","ping_status":"closed","template":"","meta":{"footnotes":""},"class_list":["post-395","page","type-page","status-publish","hentry"],"jetpack_sharing_enabled":true,"_links":{"self":[{"href":"https:\/\/www.paroissesaintjust.org\/wordpress\/wp-json\/wp\/v2\/pages\/395","targetHints":{"allow":["GET"]}}],"collection":[{"href":"https:\/\/www.paroissesaintjust.org\/wordpress\/wp-json\/wp\/v2\/pages"}],"about":[{"href":"https:\/\/www.paroissesaintjust.org\/wordpress\/wp-json\/wp\/v2\/types\/page"}],"author":[{"embeddable":true,"href":"https:\/\/www.paroissesaintjust.org\/wordpress\/wp-json\/wp\/v2\/users\/1"}],"replies":[{"embeddable":true,"href":"https:\/\/www.paroissesaintjust.org\/wordpress\/wp-json\/wp\/v2\/comments?post=395"}],"version-history":[{"count":52,"href":"https:\/\/www.paroissesaintjust.org\/wordpress\/wp-json\/wp\/v2\/pages\/395\/revisions"}],"predecessor-version":[{"id":2404,"href":"https:\/\/www.paroissesaintjust.org\/wordpress\/wp-json\/wp\/v2\/pages\/395\/revisions\/2404"}],"wp:attachment":[{"href":"https:\/\/www.paroissesaintjust.org\/wordpress\/wp-json\/wp\/v2\/media?parent=395"}],"curies":[{"name":"wp","href":"https:\/\/api.w.org\/{rel}","templated":true}]}}