{"id":268,"date":"2021-06-24T17:30:45","date_gmt":"2021-06-24T15:30:45","guid":{"rendered":"https:\/\/www.paroissesaintjust.org\/wordpress\/?page_id=268"},"modified":"2023-06-01T22:16:37","modified_gmt":"2023-06-01T20:16:37","slug":"foyer-detudiants-saint-cosme","status":"publish","type":"page","link":"https:\/\/www.paroissesaintjust.org\/wordpress\/foyer-detudiants-saint-cosme\/","title":{"rendered":"Foyers d&rsquo;Etudiants"},"content":{"rendered":"\n<p>Le foyer Saint Cosme (gar\u00e7ons) et le foyer St Pierre (filles) offrent \u00e0 des \u00e9tudiants et jeunes pro catholiques chalonnais de partager une vie de maison dans un esprit de soutien mutuel, en lien avec la paroisse.<\/p>\n\n\n\n<p><a rel=\"noreferrer noopener\" href=\"https:\/\/www.fraternitez.com\/recherche?se=1&amp;se_address=Chalon+sur+Sa%C3%B4ne&amp;se_radius=50&amp;se_cats=1\" target=\"_blank\">https:\/\/www.fraternitez.com\/recherche?se=1&amp;se_address=Chalon+sur+Sa%C3%B4ne&amp;se_radius=50&amp;se_cats=1<\/a><\/p>\n\n\n\n<p>Contacts : Camille et Geoffroy Guise \u202d07 49 08 37 71 \/ 07 85 73 38 47\u202c<\/p>\n\n\n\n<figure class=\"wp-block-image size-large\"><img data-recalc-dims=\"1\" loading=\"lazy\" decoding=\"async\" width=\"720\" height=\"411\" src=\"https:\/\/i0.wp.com\/www.paroissesaintjust.org\/wordpress\/wp-content\/uploads\/2021\/06\/Capture-de%CC%81cran-2021-06-24-a%CC%80-17.29.24.png?resize=720%2C411&#038;ssl=1\" alt=\"\" class=\"wp-image-269\" srcset=\"https:\/\/i0.wp.com\/www.paroissesaintjust.org\/wordpress\/wp-content\/uploads\/2021\/06\/Capture-de%CC%81cran-2021-06-24-a%CC%80-17.29.24.png?w=880&amp;ssl=1 880w, https:\/\/i0.wp.com\/www.paroissesaintjust.org\/wordpress\/wp-content\/uploads\/2021\/06\/Capture-de%CC%81cran-2021-06-24-a%CC%80-17.29.24.png?resize=300%2C171&amp;ssl=1 300w, https:\/\/i0.wp.com\/www.paroissesaintjust.org\/wordpress\/wp-content\/uploads\/2021\/06\/Capture-de%CC%81cran-2021-06-24-a%CC%80-17.29.24.png?resize=768%2C438&amp;ssl=1 768w\" sizes=\"auto, (max-width: 720px) 100vw, 720px\" \/><\/figure>\n\n\n\n<figure class=\"wp-block-image size-large\"><img data-recalc-dims=\"1\" loading=\"lazy\" decoding=\"async\" width=\"720\" height=\"423\" src=\"https:\/\/i0.wp.com\/www.paroissesaintjust.org\/wordpress\/wp-content\/uploads\/2021\/06\/Capture-de%CC%81cran-2021-06-24-a%CC%80-17.29.07.png?resize=720%2C423&#038;ssl=1\" alt=\"\" class=\"wp-image-270\" srcset=\"https:\/\/i0.wp.com\/www.paroissesaintjust.org\/wordpress\/wp-content\/uploads\/2021\/06\/Capture-de%CC%81cran-2021-06-24-a%CC%80-17.29.07.png?w=880&amp;ssl=1 880w, https:\/\/i0.wp.com\/www.paroissesaintjust.org\/wordpress\/wp-content\/uploads\/2021\/06\/Capture-de%CC%81cran-2021-06-24-a%CC%80-17.29.07.png?resize=300%2C176&amp;ssl=1 300w, https:\/\/i0.wp.com\/www.paroissesaintjust.org\/wordpress\/wp-content\/uploads\/2021\/06\/Capture-de%CC%81cran-2021-06-24-a%CC%80-17.29.07.png?resize=768%2C451&amp;ssl=1 768w\" sizes=\"auto, (max-width: 720px) 100vw, 720px\" \/><\/figure>\n\n\n\n<ul class=\"wp-block-social-links has-normal-icon-size is-style-default is-content-justification-right is-layout-flex wp-container-core-social-links-is-layout-765c4724 wp-block-social-links-is-layout-flex\"><li class=\"wp-social-link wp-social-link-facebook  wp-block-social-link\"><a rel=\"noopener nofollow\" target=\"_blank\" href=\"https:\/\/www.facebook.com\/paroissesaintjustdebretenieres\" class=\"wp-block-social-link-anchor\"><svg width=\"24\" height=\"24\" viewBox=\"0 0 24 24\" version=\"1.1\" xmlns=\"http:\/\/www.w3.org\/2000\/svg\" aria-hidden=\"true\" focusable=\"false\"><path d=\"M12 2C6.5 2 2 6.5 2 12c0 5 3.7 9.1 8.4 9.9v-7H7.9V12h2.5V9.8c0-2.5 1.5-3.9 3.8-3.9 1.1 0 2.2.2 2.2.2v2.5h-1.3c-1.2 0-1.6.8-1.6 1.6V12h2.8l-.4 2.9h-2.3v7C18.3 21.1 22 17 22 12c0-5.5-4.5-10-10-10z\"><\/path><\/svg><span class=\"wp-block-social-link-label screen-reader-text\">Facebook<\/span><\/a><\/li><\/ul>\n","protected":false},"excerpt":{"rendered":"<p>Le foyer Saint Cosme (gar\u00e7ons) et le foyer St Pierre (filles) offrent \u00e0 des \u00e9tudiants et jeunes pro catholiques chalonnais de partager une vie de maison dans un esprit de soutien mutuel, en lien avec la paroisse. https:\/\/www.fraternitez.com\/recherche?se=1&amp;se_address=Chalon+sur+Sa%C3%B4ne&amp;se_radius=50&amp;se_cats=1 Contacts : Camille et Geoffroy Guise \u202d07 49 08 37 71 \/ 07 85 73 38 47\u202c<\/p>\n","protected":false},"author":1,"featured_media":0,"parent":0,"menu_order":0,"comment_status":"closed","ping_status":"closed","template":"","meta":{"footnotes":""},"class_list":["post-268","page","type-page","status-publish","hentry"],"jetpack_sharing_enabled":true,"_links":{"self":[{"href":"https:\/\/www.paroissesaintjust.org\/wordpress\/wp-json\/wp\/v2\/pages\/268","targetHints":{"allow":["GET"]}}],"collection":[{"href":"https:\/\/www.paroissesaintjust.org\/wordpress\/wp-json\/wp\/v2\/pages"}],"about":[{"href":"https:\/\/www.paroissesaintjust.org\/wordpress\/wp-json\/wp\/v2\/types\/page"}],"author":[{"embeddable":true,"href":"https:\/\/www.paroissesaintjust.org\/wordpress\/wp-json\/wp\/v2\/users\/1"}],"replies":[{"embeddable":true,"href":"https:\/\/www.paroissesaintjust.org\/wordpress\/wp-json\/wp\/v2\/comments?post=268"}],"version-history":[{"count":11,"href":"https:\/\/www.paroissesaintjust.org\/wordpress\/wp-json\/wp\/v2\/pages\/268\/revisions"}],"predecessor-version":[{"id":1348,"href":"https:\/\/www.paroissesaintjust.org\/wordpress\/wp-json\/wp\/v2\/pages\/268\/revisions\/1348"}],"wp:attachment":[{"href":"https:\/\/www.paroissesaintjust.org\/wordpress\/wp-json\/wp\/v2\/media?parent=268"}],"curies":[{"name":"wp","href":"https:\/\/api.w.org\/{rel}","templated":true}]}}