{"id":127,"date":"2021-01-04T22:29:18","date_gmt":"2021-01-04T21:29:18","guid":{"rendered":"https:\/\/www.paroissesaintjust.org\/wordpress\/?page_id=127"},"modified":"2023-11-05T08:58:31","modified_gmt":"2023-11-05T07:58:31","slug":"adoration","status":"publish","type":"page","link":"https:\/\/www.paroissesaintjust.org\/wordpress\/adoration\/","title":{"rendered":"Adoration"},"content":{"rendered":"\n<p>La paroisse propose l&rsquo;adoration perp\u00e9tuelle 24h\/24, 7j\/7.<\/p>\n\n\n\n<p>\u00ab\u00a0L&rsquo;adoration eucharistique a pour objet la divine personne de notre Seigneur J\u00e9sus-Christ pr\u00e9sent au Tr\u00e8s Saint-Sacrement. Il est vivant, il veut que nous lui parlions, il nous parlera. Et ce colloque, qui s&rsquo;\u00e9tablit entre l&rsquo;\u00e2me et notre Seigneur, c&rsquo;est la vraie m\u00e9ditation eucharistique, c&rsquo;est l&rsquo;adoration. Heureuse l&rsquo;\u00e2me qui sait trouver J\u00e9sus en l&rsquo;Eucharistie, et en l&rsquo;Eucharistie toutes choses\u00a0\u00bb (Saint Pierre-Julien Eymard)<\/p>\n\n\n\n<p>La paroisse Saint-Just de Breteni\u00e8res est une des rares paroisses \u00e0 proposer un t\u00eate \u00e0 t\u00eate avec le Seigneur \u00e0 travers l&rsquo;Adoration Eucharistique tous les jours 7\/7 sans interruption 24h\/24.<\/p>\n\n\n\n<p>L&rsquo;adoration se fait dans la chapelle du Saint-Esprit, 1 passage Milon, derri\u00e8re l&rsquo;\u00e9glise Saint-Pierre.<\/p>\n\n\n\n<figure class=\"wp-block-embed is-type-video is-provider-youtube wp-block-embed-youtube wp-embed-aspect-16-9 wp-has-aspect-ratio\"><div class=\"wp-block-embed__wrapper\">\n<div class=\"jetpack-video-wrapper\"><iframe loading=\"lazy\" title=\"Adoration Eucharistique: 10 mn de Coeur \u00e0 coeur avec J\u00e9sus, Chapelle du Saint Esprit\" width=\"720\" height=\"405\" src=\"https:\/\/www.youtube.com\/embed\/FKx7SI2hKuM?feature=oembed\" frameborder=\"0\" allow=\"accelerometer; autoplay; clipboard-write; encrypted-media; gyroscope; picture-in-picture; web-share\" allowfullscreen><\/iframe><\/div>\n<\/div><\/figure>\n\n\n\n<figure class=\"wp-block-image aligncenter size-large\"><img data-recalc-dims=\"1\" loading=\"lazy\" decoding=\"async\" width=\"720\" height=\"507\" src=\"https:\/\/i0.wp.com\/www.paroissesaintjust.org\/wordpress\/wp-content\/uploads\/2021\/11\/Capture-de%CC%81cran-2021-11-04-a%CC%80-17.27.30-1.png?resize=720%2C507&#038;ssl=1\" alt=\"Adoration eucharistique\" class=\"wp-image-390\" srcset=\"https:\/\/i0.wp.com\/www.paroissesaintjust.org\/wordpress\/wp-content\/uploads\/2021\/11\/Capture-de%CC%81cran-2021-11-04-a%CC%80-17.27.30-1.png?resize=1024%2C721&amp;ssl=1 1024w, https:\/\/i0.wp.com\/www.paroissesaintjust.org\/wordpress\/wp-content\/uploads\/2021\/11\/Capture-de%CC%81cran-2021-11-04-a%CC%80-17.27.30-1.png?resize=300%2C211&amp;ssl=1 300w, https:\/\/i0.wp.com\/www.paroissesaintjust.org\/wordpress\/wp-content\/uploads\/2021\/11\/Capture-de%CC%81cran-2021-11-04-a%CC%80-17.27.30-1.png?resize=768%2C540&amp;ssl=1 768w, https:\/\/i0.wp.com\/www.paroissesaintjust.org\/wordpress\/wp-content\/uploads\/2021\/11\/Capture-de%CC%81cran-2021-11-04-a%CC%80-17.27.30-1.png?resize=1536%2C1081&amp;ssl=1 1536w, https:\/\/i0.wp.com\/www.paroissesaintjust.org\/wordpress\/wp-content\/uploads\/2021\/11\/Capture-de%CC%81cran-2021-11-04-a%CC%80-17.27.30-1.png?resize=2048%2C1441&amp;ssl=1 2048w, https:\/\/i0.wp.com\/www.paroissesaintjust.org\/wordpress\/wp-content\/uploads\/2021\/11\/Capture-de%CC%81cran-2021-11-04-a%CC%80-17.27.30-1.png?resize=1200%2C844&amp;ssl=1 1200w, https:\/\/i0.wp.com\/www.paroissesaintjust.org\/wordpress\/wp-content\/uploads\/2021\/11\/Capture-de%CC%81cran-2021-11-04-a%CC%80-17.27.30-1.png?resize=1980%2C1393&amp;ssl=1 1980w, https:\/\/i0.wp.com\/www.paroissesaintjust.org\/wordpress\/wp-content\/uploads\/2021\/11\/Capture-de%CC%81cran-2021-11-04-a%CC%80-17.27.30-1.png?w=1440&amp;ssl=1 1440w, https:\/\/i0.wp.com\/www.paroissesaintjust.org\/wordpress\/wp-content\/uploads\/2021\/11\/Capture-de%CC%81cran-2021-11-04-a%CC%80-17.27.30-1.png?w=2160&amp;ssl=1 2160w\" sizes=\"auto, (max-width: 720px) 100vw, 720px\" \/><\/figure>\n\n\n\n<ul class=\"wp-block-social-links has-normal-icon-size is-style-default is-content-justification-right is-layout-flex wp-container-core-social-links-is-layout-765c4724 wp-block-social-links-is-layout-flex\"><li class=\"wp-social-link wp-social-link-facebook  wp-block-social-link\"><a rel=\"noopener nofollow\" target=\"_blank\" href=\"https:\/\/www.facebook.com\/paroissesaintjustdebretenieres\" class=\"wp-block-social-link-anchor\"><svg width=\"24\" height=\"24\" viewBox=\"0 0 24 24\" version=\"1.1\" xmlns=\"http:\/\/www.w3.org\/2000\/svg\" aria-hidden=\"true\" focusable=\"false\"><path d=\"M12 2C6.5 2 2 6.5 2 12c0 5 3.7 9.1 8.4 9.9v-7H7.9V12h2.5V9.8c0-2.5 1.5-3.9 3.8-3.9 1.1 0 2.2.2 2.2.2v2.5h-1.3c-1.2 0-1.6.8-1.6 1.6V12h2.8l-.4 2.9h-2.3v7C18.3 21.1 22 17 22 12c0-5.5-4.5-10-10-10z\"><\/path><\/svg><span class=\"wp-block-social-link-label screen-reader-text\">Facebook<\/span><\/a><\/li><\/ul>\n","protected":false},"excerpt":{"rendered":"<p>La paroisse propose l&rsquo;adoration perp\u00e9tuelle 24h\/24, 7j\/7. \u00ab\u00a0L&rsquo;adoration eucharistique a pour objet la divine personne de notre Seigneur J\u00e9sus-Christ pr\u00e9sent au Tr\u00e8s Saint-Sacrement. Il est vivant, il veut que nous lui parlions, il nous parlera. Et ce colloque, qui s&rsquo;\u00e9tablit entre l&rsquo;\u00e2me et notre Seigneur, c&rsquo;est la vraie m\u00e9ditation eucharistique, c&rsquo;est l&rsquo;adoration. Heureuse l&rsquo;\u00e2me qui&hellip;<\/p>\n","protected":false},"author":1,"featured_media":0,"parent":0,"menu_order":0,"comment_status":"closed","ping_status":"closed","template":"","meta":{"footnotes":""},"class_list":["post-127","page","type-page","status-publish","hentry"],"jetpack_sharing_enabled":true,"_links":{"self":[{"href":"https:\/\/www.paroissesaintjust.org\/wordpress\/wp-json\/wp\/v2\/pages\/127","targetHints":{"allow":["GET"]}}],"collection":[{"href":"https:\/\/www.paroissesaintjust.org\/wordpress\/wp-json\/wp\/v2\/pages"}],"about":[{"href":"https:\/\/www.paroissesaintjust.org\/wordpress\/wp-json\/wp\/v2\/types\/page"}],"author":[{"embeddable":true,"href":"https:\/\/www.paroissesaintjust.org\/wordpress\/wp-json\/wp\/v2\/users\/1"}],"replies":[{"embeddable":true,"href":"https:\/\/www.paroissesaintjust.org\/wordpress\/wp-json\/wp\/v2\/comments?post=127"}],"version-history":[{"count":9,"href":"https:\/\/www.paroissesaintjust.org\/wordpress\/wp-json\/wp\/v2\/pages\/127\/revisions"}],"predecessor-version":[{"id":1797,"href":"https:\/\/www.paroissesaintjust.org\/wordpress\/wp-json\/wp\/v2\/pages\/127\/revisions\/1797"}],"wp:attachment":[{"href":"https:\/\/www.paroissesaintjust.org\/wordpress\/wp-json\/wp\/v2\/media?parent=127"}],"curies":[{"name":"wp","href":"https:\/\/api.w.org\/{rel}","templated":true}]}}