{"id":122,"date":"2021-01-04T22:18:18","date_gmt":"2021-01-04T21:18:18","guid":{"rendered":"https:\/\/www.paroissesaintjust.org\/wordpress\/?page_id=122"},"modified":"2025-11-24T21:39:19","modified_gmt":"2025-11-24T20:39:19","slug":"parcours-alpha","status":"publish","type":"page","link":"https:\/\/www.paroissesaintjust.org\/wordpress\/parcours-alpha\/","title":{"rendered":"Parcours Alpha"},"content":{"rendered":"\n<p>Le parcours Alpha, une fa\u00e7on simple et agr\u00e9able de r\u00e9fl\u00e9chir sur le sens de la vie !<\/p>\n\n\n\n<p>Le parcours Alpha est organis\u00e9 chaque ann\u00e9e sur la paroisse St Just (Chalon).<\/p>\n\n\n\n<p>Renseignements: 06 59 39 99 09<\/p>\n\n\n\n<figure class=\"wp-block-embed is-type-video is-provider-youtube wp-block-embed-youtube wp-embed-aspect-16-9 wp-has-aspect-ratio\"><div class=\"wp-block-embed__wrapper\">\n<div class=\"jetpack-video-wrapper\"><iframe loading=\"lazy\" title=\"Le Parcours Alpha - Clip - 3 minutes\" width=\"720\" height=\"405\" src=\"https:\/\/www.youtube.com\/embed\/fWVqIRl9UYo?feature=oembed\" frameborder=\"0\" allow=\"accelerometer; autoplay; clipboard-write; encrypted-media; gyroscope; picture-in-picture; web-share\" referrerpolicy=\"strict-origin-when-cross-origin\" allowfullscreen><\/iframe><\/div>\n<\/div><figcaption class=\"wp-element-caption\">Le Parcours Alpha<\/figcaption><\/figure>\n\n\n\n<div class=\"wp-block-pdf-viewer-block-standard\" style=\"text-align:center\"><div class=\"uploaded-pdf\"><a href=\"https:\/\/www.paroissesaintjust.org\/wordpress\/wp-content\/uploads\/2025\/11\/Invitation-ALPHA-Cartes-postales-Chalon-2026.pdf\" data-width=\"\" data-height=\"\"><\/a><\/div><\/div>\n\n\n\n<ul class=\"wp-block-social-links has-normal-icon-size is-style-default is-content-justification-right is-layout-flex wp-container-core-social-links-is-layout-765c4724 wp-block-social-links-is-layout-flex\"><li class=\"wp-social-link wp-social-link-facebook  wp-block-social-link\"><a rel=\"noopener nofollow\" target=\"_blank\" href=\"https:\/\/www.facebook.com\/paroissesaintjustdebretenieres\" class=\"wp-block-social-link-anchor\"><svg width=\"24\" height=\"24\" viewBox=\"0 0 24 24\" version=\"1.1\" xmlns=\"http:\/\/www.w3.org\/2000\/svg\" aria-hidden=\"true\" focusable=\"false\"><path d=\"M12 2C6.5 2 2 6.5 2 12c0 5 3.7 9.1 8.4 9.9v-7H7.9V12h2.5V9.8c0-2.5 1.5-3.9 3.8-3.9 1.1 0 2.2.2 2.2.2v2.5h-1.3c-1.2 0-1.6.8-1.6 1.6V12h2.8l-.4 2.9h-2.3v7C18.3 21.1 22 17 22 12c0-5.5-4.5-10-10-10z\"><\/path><\/svg><span class=\"wp-block-social-link-label screen-reader-text\">Facebook<\/span><\/a><\/li><\/ul>\n","protected":false},"excerpt":{"rendered":"<p>Le parcours Alpha, une fa\u00e7on simple et agr\u00e9able de r\u00e9fl\u00e9chir sur le sens de la vie ! Le parcours Alpha est organis\u00e9 chaque ann\u00e9e sur la paroisse St Just (Chalon). Renseignements: 06 59 39 99 09<\/p>\n","protected":false},"author":1,"featured_media":0,"parent":0,"menu_order":0,"comment_status":"closed","ping_status":"closed","template":"","meta":{"footnotes":""},"class_list":["post-122","page","type-page","status-publish","hentry"],"jetpack_sharing_enabled":true,"_links":{"self":[{"href":"https:\/\/www.paroissesaintjust.org\/wordpress\/wp-json\/wp\/v2\/pages\/122","targetHints":{"allow":["GET"]}}],"collection":[{"href":"https:\/\/www.paroissesaintjust.org\/wordpress\/wp-json\/wp\/v2\/pages"}],"about":[{"href":"https:\/\/www.paroissesaintjust.org\/wordpress\/wp-json\/wp\/v2\/types\/page"}],"author":[{"embeddable":true,"href":"https:\/\/www.paroissesaintjust.org\/wordpress\/wp-json\/wp\/v2\/users\/1"}],"replies":[{"embeddable":true,"href":"https:\/\/www.paroissesaintjust.org\/wordpress\/wp-json\/wp\/v2\/comments?post=122"}],"version-history":[{"count":20,"href":"https:\/\/www.paroissesaintjust.org\/wordpress\/wp-json\/wp\/v2\/pages\/122\/revisions"}],"predecessor-version":[{"id":2926,"href":"https:\/\/www.paroissesaintjust.org\/wordpress\/wp-json\/wp\/v2\/pages\/122\/revisions\/2926"}],"wp:attachment":[{"href":"https:\/\/www.paroissesaintjust.org\/wordpress\/wp-json\/wp\/v2\/media?parent=122"}],"curies":[{"name":"wp","href":"https:\/\/api.w.org\/{rel}","templated":true}]}}