{"id":1119,"date":"2023-05-10T21:16:13","date_gmt":"2023-05-10T19:16:13","guid":{"rendered":"https:\/\/www.paroissesaintjust.org\/wordpress\/?page_id=1119"},"modified":"2026-04-16T17:59:16","modified_gmt":"2026-04-16T15:59:16","slug":"horaires-de-messes-et-confessions","status":"publish","type":"page","link":"https:\/\/www.paroissesaintjust.org\/wordpress\/horaires-de-messes-et-confessions\/","title":{"rendered":"Horaires des Messes et Confessions"},"content":{"rendered":"\n<h2 class=\"wp-block-heading\">Horaires 2025 &#8211; 2026 <\/h2>\n\n\n\n<figure class=\"wp-block-image aligncenter size-large is-resized\"><img data-recalc-dims=\"1\" loading=\"lazy\" decoding=\"async\" width=\"720\" height=\"1018\" src=\"https:\/\/i0.wp.com\/www.paroissesaintjust.org\/wordpress\/wp-content\/uploads\/2026\/04\/image.png?resize=720%2C1018&#038;ssl=1\" alt=\"Messes et confessions\" class=\"wp-image-3043\" style=\"aspect-ratio:0.6972606527074439;width:725px;height:auto\" srcset=\"https:\/\/i0.wp.com\/www.paroissesaintjust.org\/wordpress\/wp-content\/uploads\/2026\/04\/image.png?resize=724%2C1024&amp;ssl=1 724w, https:\/\/i0.wp.com\/www.paroissesaintjust.org\/wordpress\/wp-content\/uploads\/2026\/04\/image.png?resize=212%2C300&amp;ssl=1 212w, https:\/\/i0.wp.com\/www.paroissesaintjust.org\/wordpress\/wp-content\/uploads\/2026\/04\/image.png?resize=768%2C1086&amp;ssl=1 768w, https:\/\/i0.wp.com\/www.paroissesaintjust.org\/wordpress\/wp-content\/uploads\/2026\/04\/image.png?resize=141%2C200&amp;ssl=1 141w, https:\/\/i0.wp.com\/www.paroissesaintjust.org\/wordpress\/wp-content\/uploads\/2026\/04\/image.png?resize=424%2C600&amp;ssl=1 424w, https:\/\/i0.wp.com\/www.paroissesaintjust.org\/wordpress\/wp-content\/uploads\/2026\/04\/image.png?resize=707%2C1000&amp;ssl=1 707w, https:\/\/i0.wp.com\/www.paroissesaintjust.org\/wordpress\/wp-content\/uploads\/2026\/04\/image.png?w=905&amp;ssl=1 905w\" sizes=\"auto, (max-width: 720px) 100vw, 720px\" \/><figcaption class=\"wp-element-caption\">Messes et confessions<\/figcaption><\/figure>\n\n\n\n<figure class=\"wp-block-table is-style-stripes\"><table><thead><tr><th><strong>Jour<\/strong><\/th><th>Heure<\/th><th>Lieu<\/th><\/tr><\/thead><tbody><tr><td>lundi<\/td><td><strong>Messe<\/strong> \u00e0 18h (<em>confessions \u00e0 partir de 17h<\/em>)<\/td><td>Chapelle de l&rsquo;adoration<em> (<em>1 passage Milon<\/em><\/em> &#8211; <em>\u00c9glise St-Pierre<\/em>)<\/td><\/tr><tr><td>mardi<\/td><td><strong>Messe<\/strong> \u00e0 9h<\/td><td>La Citadelle<\/td><\/tr><tr><td><\/td><td><strong>Messe<\/strong> \u00e0 18h (<em>confessions \u00e0 partir de 17h<\/em>)<\/td><td>Chapelle de l&rsquo;adoration<em> (1 passage Milon<\/em> &#8211; <em>\u00c9glise St-Pierre<\/em>)<\/td><\/tr><tr><td>mercredi<\/td><td><strong>Messe<\/strong> \u00e0 10h (<em>confessions de 10h15 \u00e0 11h<\/em>)<\/td><td>\u00c9glise Saint-Pierre<\/td><\/tr><tr><td><\/td><td><strong>Messe<\/strong> \u00e0 18h (<em><em>confessions \u00e0 partir de 17h<\/em><\/em>)<\/td><td>Chapelle de l&rsquo;adoration<em> (1 passage Milon<\/em> &#8211; <em>\u00c9glise St-Pierre<\/em>)<\/td><\/tr><tr><td>jeudi<\/td><td><strong>Messe<\/strong> \u00e0 7h<\/td><td>Chapelle du Sacr\u00e9-C\u0153ur (<em>place du clo\u00eetre St-Vincent<\/em>)<\/td><\/tr><tr><td><\/td><td><strong>Messe<\/strong> \u00e0 18h (<em><em>confessions \u00e0 partir de 17h<\/em><\/em>)<\/td><td>Chapelle de l&rsquo;adoration<em> (1 passage Milon<\/em> &#8211; <em>\u00c9glise St-Pierre<\/em>)<\/td><\/tr><tr><td>vendredi<\/td><td><strong>Messe<\/strong> \u00e0 10h<\/td><td>Chapelle du Sacr\u00e9-C\u0153ur (<em>place du clo\u00eetre St-Vincent<\/em>)<\/td><\/tr><tr><td><\/td><td><strong>Messe<\/strong> \u00e0 18h (<em><em>confessions \u00e0 partir de 17h<\/em><\/em>)<\/td><td>Chapelle de l&rsquo;adoration<em> (<em>1 passage Milon<\/em><\/em> &#8211; <em>\u00c9glise St-Pierre<\/em>)<\/td><\/tr><tr><td>samedi<\/td><td><strong>Messe<\/strong> \u00e0 9h<\/td><td>Chapelle du Sacr\u00e9-C\u0153ur (<em>place du clo\u00eetre St-Vincent<\/em>)<\/td><\/tr><tr><td><\/td><td><strong>MESSE<\/strong> \u00e0 18h (<em>confessions apr\u00e8s la Messe<\/em>)<\/td><td>La Citadelle<\/td><\/tr><tr><td>dimanche<\/td><td><strong>Confessions<\/strong> de 9h15 \u00e0 10h15<\/td><td>La Citadelle<\/td><\/tr><tr><td><\/td><td><strong>MESSE<\/strong> \u00e0 9h30<\/td><td>\u00c9glise Saint-Cosme<\/td><\/tr><tr><td><\/td><td><strong><mark style=\"background-color:rgba(0, 0, 0, 0)\" class=\"has-inline-color has-vivid-red-color\">MESSE \u00e0 10h30<\/mark><\/strong><\/td><td><strong><mark style=\"background-color:rgba(0, 0, 0, 0)\" class=\"has-inline-color has-vivid-red-color\">Saint-Vincent (Cath\u00e9drale)<\/mark><\/strong><\/td><\/tr><tr><td><\/td><td><strong>MESSE<\/strong> \u00e0 18h00<\/td><td>Chapelle du Sacr\u00e9-C\u0153ur (<em>place du clo\u00eetre St-Vincent<\/em><s>)<\/s><\/td><\/tr><tr><td><\/td><td><strong>Messe<\/strong> \u00e0 10h30 (<em>messe en Latin<\/em>)<\/td><td>La Citadelle<\/td><\/tr><\/tbody><\/table><\/figure>\n\n\n\n<h2 class=\"wp-block-heading\">Plan des \u00e9glises<\/h2>\n\n\n\n<figure class=\"wp-block-image aligncenter size-large\"><img data-recalc-dims=\"1\" loading=\"lazy\" decoding=\"async\" width=\"720\" height=\"493\" src=\"https:\/\/i0.wp.com\/www.paroissesaintjust.org\/wordpress\/wp-content\/uploads\/2023\/05\/planChalon_Eglise.png?resize=720%2C493&#038;ssl=1\" alt=\"plan des \u00e9glises de Chalon sur Sa\u00f4ne\" class=\"wp-image-1181\" srcset=\"https:\/\/i0.wp.com\/www.paroissesaintjust.org\/wordpress\/wp-content\/uploads\/2023\/05\/planChalon_Eglise.png?resize=1024%2C701&amp;ssl=1 1024w, https:\/\/i0.wp.com\/www.paroissesaintjust.org\/wordpress\/wp-content\/uploads\/2023\/05\/planChalon_Eglise.png?resize=300%2C205&amp;ssl=1 300w, https:\/\/i0.wp.com\/www.paroissesaintjust.org\/wordpress\/wp-content\/uploads\/2023\/05\/planChalon_Eglise.png?resize=768%2C526&amp;ssl=1 768w, https:\/\/i0.wp.com\/www.paroissesaintjust.org\/wordpress\/wp-content\/uploads\/2023\/05\/planChalon_Eglise.png?resize=624%2C427&amp;ssl=1 624w, https:\/\/i0.wp.com\/www.paroissesaintjust.org\/wordpress\/wp-content\/uploads\/2023\/05\/planChalon_Eglise.png?w=1096&amp;ssl=1 1096w\" sizes=\"auto, (max-width: 720px) 100vw, 720px\" \/><figcaption class=\"wp-element-caption\">Chalon sur Sa\u00f4ne<\/figcaption><\/figure>\n\n\n\n<h2 class=\"wp-block-heading\">Cath\u00e9drale Saint-Vincent<\/h2>\n\n\n\n<div class=\"wp-block-media-text alignwide has-media-on-the-right is-stacked-on-mobile\" style=\"grid-template-columns:auto 30%\"><div class=\"wp-block-media-text__content\">\n<p class=\"has-text-align-center\">Place Saint-Vincent<\/p>\n\n\n\n<p class=\"has-text-align-center\">71100 Chalon-sur-Sa\u00f4ne<\/p>\n\n\n\n<p class=\"has-text-align-center\"><a href=\"https:\/\/fr.wikipedia.org\/wiki\/Cath%C3%A9drale_Saint-Vincent_de_Chalon-sur-Sa%C3%B4ne\" target=\"_blank\" rel=\"noreferrer noopener\">Wikip\u00e9dia<\/a><\/p>\n\n\n\n<figure class=\"wp-block-image aligncenter size-large\"><img data-recalc-dims=\"1\" loading=\"lazy\" decoding=\"async\" width=\"720\" height=\"444\" src=\"https:\/\/i0.wp.com\/www.paroissesaintjust.org\/wordpress\/wp-content\/uploads\/2024\/09\/planChalon_ChapelleStVincent2-1.png?resize=720%2C444&#038;ssl=1\" alt=\"Chapelle St Vincent\" class=\"wp-image-2372\" srcset=\"https:\/\/i0.wp.com\/www.paroissesaintjust.org\/wordpress\/wp-content\/uploads\/2024\/09\/planChalon_ChapelleStVincent2-1.png?resize=1024%2C632&amp;ssl=1 1024w, https:\/\/i0.wp.com\/www.paroissesaintjust.org\/wordpress\/wp-content\/uploads\/2024\/09\/planChalon_ChapelleStVincent2-1.png?resize=300%2C185&amp;ssl=1 300w, https:\/\/i0.wp.com\/www.paroissesaintjust.org\/wordpress\/wp-content\/uploads\/2024\/09\/planChalon_ChapelleStVincent2-1.png?resize=768%2C474&amp;ssl=1 768w, https:\/\/i0.wp.com\/www.paroissesaintjust.org\/wordpress\/wp-content\/uploads\/2024\/09\/planChalon_ChapelleStVincent2-1.png?resize=200%2C123&amp;ssl=1 200w, https:\/\/i0.wp.com\/www.paroissesaintjust.org\/wordpress\/wp-content\/uploads\/2024\/09\/planChalon_ChapelleStVincent2-1.png?resize=900%2C556&amp;ssl=1 900w, https:\/\/i0.wp.com\/www.paroissesaintjust.org\/wordpress\/wp-content\/uploads\/2024\/09\/planChalon_ChapelleStVincent2-1.png?w=1343&amp;ssl=1 1343w\" sizes=\"auto, (max-width: 720px) 100vw, 720px\" \/><figcaption class=\"wp-element-caption\"><strong>Chapelle<\/strong> du Sacr\u00e9 C\u0153ur (place du clo\u00eetre St-Vincent)<\/figcaption><\/figure>\n<\/div><figure class=\"wp-block-media-text__media\"><img data-recalc-dims=\"1\" loading=\"lazy\" decoding=\"async\" width=\"192\" height=\"263\" src=\"https:\/\/i0.wp.com\/www.paroissesaintjust.org\/wordpress\/wp-content\/uploads\/2023\/05\/StVincentDessin.jpeg?resize=192%2C263&#038;ssl=1\" alt=\"Cath\u00e9drale St-Vincent\" class=\"wp-image-1183 size-full\"\/><\/figure><\/div>\n\n\n\n<h2 class=\"wp-block-heading\">\u00c9glise Saint-Pierre<\/h2>\n\n\n\n<div class=\"wp-block-media-text alignwide has-media-on-the-right is-stacked-on-mobile\" style=\"grid-template-columns:auto 30%\"><div class=\"wp-block-media-text__content\">\n<p class=\"has-text-align-center\">Place de l&rsquo;H\u00f4tel de ville<\/p>\n\n\n\n<p class=\"has-text-align-center\">71100 Chalon-sur-Sa\u00f4ne<\/p>\n\n\n\n<p class=\"has-text-align-center\"><a rel=\"noreferrer noopener\" href=\"https:\/\/fr.wikipedia.org\/wiki\/%C3%89glise_Saint-Pierre_de_Chalon-sur-Sa%C3%B4ne\" target=\"_blank\">Wikip\u00e9dia<\/a><\/p>\n\n\n\n<figure class=\"wp-block-image aligncenter size-full\"><img data-recalc-dims=\"1\" loading=\"lazy\" decoding=\"async\" width=\"668\" height=\"584\" src=\"https:\/\/i0.wp.com\/www.paroissesaintjust.org\/wordpress\/wp-content\/uploads\/2024\/09\/planChalon_StPierre3.png?resize=668%2C584&#038;ssl=1\" alt=\"Chapelle St Pierre\" class=\"wp-image-2366\" srcset=\"https:\/\/i0.wp.com\/www.paroissesaintjust.org\/wordpress\/wp-content\/uploads\/2024\/09\/planChalon_StPierre3.png?w=668&amp;ssl=1 668w, https:\/\/i0.wp.com\/www.paroissesaintjust.org\/wordpress\/wp-content\/uploads\/2024\/09\/planChalon_StPierre3.png?resize=300%2C262&amp;ssl=1 300w, https:\/\/i0.wp.com\/www.paroissesaintjust.org\/wordpress\/wp-content\/uploads\/2024\/09\/planChalon_StPierre3.png?resize=200%2C175&amp;ssl=1 200w\" sizes=\"auto, (max-width: 668px) 100vw, 668px\" \/><figcaption class=\"wp-element-caption\"><strong>Chapelle<\/strong> (1 passage Milon)<\/figcaption><\/figure>\n<\/div><figure class=\"wp-block-media-text__media\"><img data-recalc-dims=\"1\" loading=\"lazy\" decoding=\"async\" width=\"193\" height=\"261\" src=\"https:\/\/i0.wp.com\/www.paroissesaintjust.org\/wordpress\/wp-content\/uploads\/2023\/05\/StPierreDessin.jpeg?resize=193%2C261&#038;ssl=1\" alt=\"\u00c9glise St-Pierre\" class=\"wp-image-1187 size-full\"\/><\/figure><\/div>\n\n\n\n<h2 class=\"wp-block-heading\">\u00c9glise Saint-Cosme<\/h2>\n\n\n\n<div class=\"wp-block-media-text alignwide has-media-on-the-right is-stacked-on-mobile\" style=\"grid-template-columns:auto 31%\"><div class=\"wp-block-media-text__content\">\n<p class=\"has-text-align-center\">Place de L\u2019abb\u00e9 Moreau<\/p>\n\n\n\n<p class=\"has-text-align-center\">71100 Chalon-sur-Sa\u00f4ne<\/p>\n<\/div><figure class=\"wp-block-media-text__media\"><img data-recalc-dims=\"1\" loading=\"lazy\" decoding=\"async\" width=\"192\" height=\"262\" src=\"https:\/\/i0.wp.com\/www.paroissesaintjust.org\/wordpress\/wp-content\/uploads\/2023\/05\/StComeDessin.jpeg?resize=192%2C262&#038;ssl=1\" alt=\"\u00c9glise St Cosme\" class=\"wp-image-1184 size-full\"\/><\/figure><\/div>\n\n\n\n<h2 class=\"wp-block-heading\">Chapelle Notre-Dame de la Citadelle<\/h2>\n\n\n\n<div class=\"wp-block-media-text alignwide has-media-on-the-right is-stacked-on-mobile\" style=\"grid-template-columns:auto 31%\"><div class=\"wp-block-media-text__content\">\n<p class=\"has-text-align-center\">15 Rue Doneau<\/p>\n\n\n\n<p class=\"has-text-align-center\">71100 Chalon-sur-Sa\u00f4ne<\/p>\n<\/div><figure class=\"wp-block-media-text__media\"><img data-recalc-dims=\"1\" loading=\"lazy\" decoding=\"async\" width=\"286\" height=\"376\" src=\"https:\/\/i0.wp.com\/www.paroissesaintjust.org\/wordpress\/wp-content\/uploads\/2023\/05\/citadelle-e1684007312674.jpg?resize=286%2C376&#038;ssl=1\" alt=\"Chapelle Notre-Dame de la Citadelle\" class=\"wp-image-1191 size-full\" srcset=\"https:\/\/i0.wp.com\/www.paroissesaintjust.org\/wordpress\/wp-content\/uploads\/2023\/05\/citadelle-e1684007312674.jpg?w=286&amp;ssl=1 286w, https:\/\/i0.wp.com\/www.paroissesaintjust.org\/wordpress\/wp-content\/uploads\/2023\/05\/citadelle-e1684007312674.jpg?resize=228%2C300&amp;ssl=1 228w\" sizes=\"auto, (max-width: 286px) 100vw, 286px\" \/><\/figure><\/div>\n\n\n\n<ul class=\"wp-block-social-links has-normal-icon-size is-style-default is-content-justification-right is-layout-flex wp-container-core-social-links-is-layout-765c4724 wp-block-social-links-is-layout-flex\"><li class=\"wp-social-link wp-social-link-facebook  wp-block-social-link\"><a rel=\"noopener nofollow\" target=\"_blank\" href=\"https:\/\/www.facebook.com\/paroissesaintjustdebretenieres\" class=\"wp-block-social-link-anchor\"><svg width=\"24\" height=\"24\" viewBox=\"0 0 24 24\" version=\"1.1\" xmlns=\"http:\/\/www.w3.org\/2000\/svg\" aria-hidden=\"true\" focusable=\"false\"><path d=\"M12 2C6.5 2 2 6.5 2 12c0 5 3.7 9.1 8.4 9.9v-7H7.9V12h2.5V9.8c0-2.5 1.5-3.9 3.8-3.9 1.1 0 2.2.2 2.2.2v2.5h-1.3c-1.2 0-1.6.8-1.6 1.6V12h2.8l-.4 2.9h-2.3v7C18.3 21.1 22 17 22 12c0-5.5-4.5-10-10-10z\"><\/path><\/svg><span class=\"wp-block-social-link-label screen-reader-text\">Facebook<\/span><\/a><\/li><\/ul>\n","protected":false},"excerpt":{"rendered":"<p>Horaires 2025 &#8211; 2026 Jour Heure Lieu lundi Messe \u00e0 18h (confessions \u00e0 partir de 17h) Chapelle de l&rsquo;adoration (1 passage Milon &#8211; \u00c9glise St-Pierre) mardi Messe \u00e0 9h La Citadelle Messe \u00e0 18h (confessions \u00e0 partir de 17h) Chapelle de l&rsquo;adoration (1 passage Milon &#8211; \u00c9glise St-Pierre) mercredi Messe \u00e0 10h (confessions de 10h15&hellip;<\/p>\n","protected":false},"author":2,"featured_media":0,"parent":0,"menu_order":0,"comment_status":"closed","ping_status":"closed","template":"","meta":{"footnotes":""},"class_list":["post-1119","page","type-page","status-publish","hentry"],"jetpack_sharing_enabled":true,"_links":{"self":[{"href":"https:\/\/www.paroissesaintjust.org\/wordpress\/wp-json\/wp\/v2\/pages\/1119","targetHints":{"allow":["GET"]}}],"collection":[{"href":"https:\/\/www.paroissesaintjust.org\/wordpress\/wp-json\/wp\/v2\/pages"}],"about":[{"href":"https:\/\/www.paroissesaintjust.org\/wordpress\/wp-json\/wp\/v2\/types\/page"}],"author":[{"embeddable":true,"href":"https:\/\/www.paroissesaintjust.org\/wordpress\/wp-json\/wp\/v2\/users\/2"}],"replies":[{"embeddable":true,"href":"https:\/\/www.paroissesaintjust.org\/wordpress\/wp-json\/wp\/v2\/comments?post=1119"}],"version-history":[{"count":229,"href":"https:\/\/www.paroissesaintjust.org\/wordpress\/wp-json\/wp\/v2\/pages\/1119\/revisions"}],"predecessor-version":[{"id":3060,"href":"https:\/\/www.paroissesaintjust.org\/wordpress\/wp-json\/wp\/v2\/pages\/1119\/revisions\/3060"}],"wp:attachment":[{"href":"https:\/\/www.paroissesaintjust.org\/wordpress\/wp-json\/wp\/v2\/media?parent=1119"}],"curies":[{"name":"wp","href":"https:\/\/api.w.org\/{rel}","templated":true}]}}